{"id":2,"date":"2022-09-14T15:30:48","date_gmt":"2022-09-14T15:30:48","guid":{"rendered":"https:\/\/aparecidaembalugaes.pt\/?page_id=2"},"modified":"2023-04-20T14:48:05","modified_gmt":"2023-04-20T14:48:05","slug":"sample-page","status":"publish","type":"page","link":"https:\/\/aparecidaembalugaes.pt\/","title":{"rendered":""},"content":{"rendered":"\t\t<div data-elementor-type=\"wp-page\" data-elementor-id=\"2\" class=\"elementor elementor-2\">\n\t\t\t\t\t\t\t\t\t<section class=\"elementor-section elementor-top-section elementor-element elementor-element-40b5347c elementor-section-boxed elementor-section-height-default elementor-section-height-default\" data-id=\"40b5347c\" data-element_type=\"section\">\n\t\t\t\t\t\t<div class=\"elementor-container elementor-column-gap-default\">\n\t\t\t\t\t<div class=\"elementor-column elementor-col-100 elementor-top-column elementor-element elementor-element-334b5735\" data-id=\"334b5735\" data-element_type=\"column\">\n\t\t\t<div class=\"elementor-widget-wrap elementor-element-populated\">\n\t\t\t\t\t\t\t\t<div class=\"elementor-element elementor-element-66e4f8b elementor-widget elementor-widget-text-editor\" data-id=\"66e4f8b\" data-element_type=\"widget\" data-widget_type=\"text-editor.default\">\n\t\t\t\t<div class=\"elementor-widget-container\">\n\t\t\t<style>\/*! elementor - v3.12.1 - 02-04-2023 *\/\n.elementor-widget-text-editor.elementor-drop-cap-view-stacked .elementor-drop-cap{background-color:#69727d;color:#fff}.elementor-widget-text-editor.elementor-drop-cap-view-framed .elementor-drop-cap{color:#69727d;border:3px solid;background-color:transparent}.elementor-widget-text-editor:not(.elementor-drop-cap-view-default) .elementor-drop-cap{margin-top:8px}.elementor-widget-text-editor:not(.elementor-drop-cap-view-default) .elementor-drop-cap-letter{width:1em;height:1em}.elementor-widget-text-editor .elementor-drop-cap{float:left;text-align:center;line-height:1;font-size:50px}.elementor-widget-text-editor .elementor-drop-cap-letter{display:inline-block}<\/style>\t\t\t\t<!-- wp:paragraph -->\n<p>Este site \u00e9 dedicado a Nossa Senhora Aparecida  em Balug\u00e3es:<br>Serve para publicitar e promover todas as atividades da organiza\u00e7\u00e3o religiosa.<br><\/p>\n<!-- \/wp:paragraph -->\n\n<!-- wp:paragraph -->\n<p>Em mem\u00f3ria do Vidente Jo\u00e3o Mudo<\/p>\n<!-- \/wp:paragraph -->\n\n<!-- wp:quote -->\n<blockquote class=\"wp-block-quote\"><!-- wp:paragraph -->\n<p>Vidente Jo\u00e3o Mudo<\/p>\n<!-- \/wp:paragraph --><\/blockquote>\n<!-- \/wp:quote -->\n\n<!-- wp:paragraph -->\n<p>Oficio e Eucaristia em mem\u00f3ria do Vidente Jo\u00e3o Mudo, 312 anos do seu falecimento.<\/p>\n<!-- \/wp:paragraph -->\n\n<!-- wp:paragraph -->\n<p>Maria e o Jo\u00e3o Mudo eram os dois jovens e os dois tiveram uma experi\u00eancia <a><\/a>surpreendente de encontro transcendente. Maria, em Nazar\u00e9, o Jo\u00e3o Mudo, em Balug\u00e3es. Ambos os casos se d\u00e3o com pessoas concretas e em lugares concretos. Os dois t\u00eam uma primeira rea\u00e7\u00e3o de medo: Anjo disse a Maria para ela n\u00e3o temer, pois Deus estava com ela; Maria disse ao Jo\u00e3o Mudo para n\u00e3o ter medo. Ambos recebem a mensagem: um convite para Maria ser a m\u00e3e de Jesus e um convite para o Jo\u00e3o Mudo fazer daquele s\u00edtio um lugar de ora\u00e7\u00e3o. Tanto um como o outro duvidaram: Maria, que n\u00e3o tinha conhecido homem e o Jo\u00e3o Mudo, que n\u00e3o falava e em quem ningu\u00e9m acreditaria. Surgem, ent\u00e3o, dois sinais que atestam o que foi comunicado: a prima Isabel iria dar \u00e0 luz apesar da idade avan\u00e7ada e o forno da casa do Jo\u00e3o Mudo estava cheio de p\u00e3o, apesar de a fam\u00edlia ser extremamente pobre. E dito isto, tanto Maria como o Jo\u00e3o Mudo, n\u00e3o perderam tempo e puseram-se a caminho: Maria para a casa da prima Isabel, o Jo\u00e3o Mudo para a sua casa.<\/p>\n<!-- \/wp:paragraph -->\n\n<!-- wp:paragraph -->\n<p>Uma vez mais, os acontecimentos deste lugar convidam-nos \u00e0 a\u00e7\u00e3o. Maria p\u00f4s-se a caminho para as montanhas, onde ajudou a sua prima Isabel. O Jo\u00e3o Mudo encontrou o forno da fam\u00edlia cheio de p\u00e3o. E n\u00f3s? Ainda precisamos de mais sinais para nos pormos a caminho e nos aproximarmos dos que precisam de n\u00f3s? Ainda precisamos de mais sinais para fazer deste lugar, tal como pediu Maria, um verdadeiro lugar de ora\u00e7\u00e3o?<\/p>\n<!-- \/wp:paragraph -->\n\n<!-- wp:paragraph -->\n<p>Nossa Senhora Aparecida<\/p>\n<!-- \/wp:paragraph -->\n\n<!-- wp:paragraph -->\n<p>Balug\u00e3es, Barcelos<\/p>\n<!-- \/wp:paragraph -->\t\t\t\t\t\t<\/div>\n\t\t\t\t<\/div>\n\t\t\t\t\t<\/div>\n\t\t<\/div>\n\t\t\t\t\t\t\t<\/div>\n\t\t<\/section>\n\t\t\t\t<section class=\"elementor-section elementor-top-section elementor-element elementor-element-a8884b6 elementor-section-boxed elementor-section-height-default elementor-section-height-default\" data-id=\"a8884b6\" data-element_type=\"section\">\n\t\t\t\t\t\t<div class=\"elementor-container elementor-column-gap-default\">\n\t\t\t\t\t<div class=\"elementor-column elementor-col-100 elementor-top-column elementor-element elementor-element-0c57540\" data-id=\"0c57540\" data-element_type=\"column\">\n\t\t\t<div class=\"elementor-widget-wrap elementor-element-populated\">\n\t\t\t\t\t\t\t\t<div class=\"elementor-element elementor-element-3e1b36a elementor-align-center elementor-widget elementor-widget-button\" data-id=\"3e1b36a\" data-element_type=\"widget\" data-widget_type=\"button.default\">\n\t\t\t\t<div class=\"elementor-widget-container\">\n\t\t\t\t\t<div class=\"elementor-button-wrapper\">\n\t\t\t<a href=\"#\" class=\"elementor-button-link elementor-button elementor-size-sm\" role=\"button\">\n\t\t\t\t\t\t<span class=\"elementor-button-content-wrapper\">\n\t\t\t\t\t\t\t<span class=\"elementor-button-icon elementor-align-icon-left\">\n\t\t\t\t<i aria-hidden=\"true\" class=\"far fa-arrow-alt-circle-up\"><\/i>\t\t\t<\/span>\n\t\t\t\t\t\t<span class=\"elementor-button-text\">Topo<\/span>\n\t\t<\/span>\n\t\t\t\t\t<\/a>\n\t\t<\/div>\n\t\t\t\t<\/div>\n\t\t\t\t<\/div>\n\t\t\t\t\t<\/div>\n\t\t<\/div>\n\t\t\t\t\t\t\t<\/div>\n\t\t<\/section>\n\t\t\t\t\t\t\t<\/div>\n\t\t","protected":false},"excerpt":{"rendered":"<p>Este site \u00e9 dedicado a Nossa Senhora Aparecida em Balug\u00e3es:Serve para publicitar e promover todas as atividades da organiza\u00e7\u00e3o religiosa. Em mem\u00f3ria do Vidente Jo\u00e3o Mudo Vidente Jo\u00e3o Mudo Oficio e Eucaristia em mem\u00f3ria do Vidente Jo\u00e3o Mudo, 312 anos do seu falecimento. Maria e &hellip; <a href=\"https:\/\/aparecidaembalugaes.pt\/\" class=\"more-link\"><span>Ler mais&#8230;<span class=\"screen-reader-text\"><\/span><\/span><\/a><\/p>\n","protected":false},"author":1,"featured_media":0,"parent":0,"menu_order":0,"comment_status":"closed","ping_status":"open","template":"","meta":{"footnotes":""},"class_list":["post-2","page","type-page","status-publish","hentry"],"_links":{"self":[{"href":"https:\/\/aparecidaembalugaes.pt\/index.php\/wp-json\/wp\/v2\/pages\/2","targetHints":{"allow":["GET"]}}],"collection":[{"href":"https:\/\/aparecidaembalugaes.pt\/index.php\/wp-json\/wp\/v2\/pages"}],"about":[{"href":"https:\/\/aparecidaembalugaes.pt\/index.php\/wp-json\/wp\/v2\/types\/page"}],"author":[{"embeddable":true,"href":"https:\/\/aparecidaembalugaes.pt\/index.php\/wp-json\/wp\/v2\/users\/1"}],"replies":[{"embeddable":true,"href":"https:\/\/aparecidaembalugaes.pt\/index.php\/wp-json\/wp\/v2\/comments?post=2"}],"version-history":[{"count":25,"href":"https:\/\/aparecidaembalugaes.pt\/index.php\/wp-json\/wp\/v2\/pages\/2\/revisions"}],"predecessor-version":[{"id":887,"href":"https:\/\/aparecidaembalugaes.pt\/index.php\/wp-json\/wp\/v2\/pages\/2\/revisions\/887"}],"wp:attachment":[{"href":"https:\/\/aparecidaembalugaes.pt\/index.php\/wp-json\/wp\/v2\/media?parent=2"}],"curies":[{"name":"wp","href":"https:\/\/api.w.org\/{rel}","templated":true}]}}