{"id":935,"date":"2023-04-20T13:32:34","date_gmt":"2023-04-20T13:32:34","guid":{"rendered":"https:\/\/aparecidaembalugaes.pt\/?page_id=935"},"modified":"2025-06-05T10:32:54","modified_gmt":"2025-06-05T10:32:54","slug":"historia","status":"publish","type":"page","link":"https:\/\/aparecidaembalugaes.pt\/index.php\/historia\/","title":{"rendered":"Hist\u00f3ria"},"content":{"rendered":"\t\t<div data-elementor-type=\"wp-page\" data-elementor-id=\"935\" class=\"elementor elementor-935\">\n\t\t\t\t\t\t\t\t\t<section class=\"elementor-section elementor-top-section elementor-element elementor-element-1eb34ba9 elementor-section-boxed elementor-section-height-default elementor-section-height-default\" data-id=\"1eb34ba9\" data-element_type=\"section\">\n\t\t\t\t\t\t<div class=\"elementor-container elementor-column-gap-default\">\n\t\t\t\t\t<div class=\"elementor-column elementor-col-100 elementor-top-column elementor-element elementor-element-3c2e995f\" data-id=\"3c2e995f\" data-element_type=\"column\">\n\t\t\t<div class=\"elementor-widget-wrap elementor-element-populated\">\n\t\t\t\t\t\t\t\t<div class=\"elementor-element elementor-element-7759a9ea elementor-widget elementor-widget-text-editor\" data-id=\"7759a9ea\" data-element_type=\"widget\" data-widget_type=\"text-editor.default\">\n\t\t\t\t<div class=\"elementor-widget-container\">\n\t\t\t<style>\/*! elementor - v3.12.1 - 02-04-2023 *\/\n.elementor-widget-text-editor.elementor-drop-cap-view-stacked .elementor-drop-cap{background-color:#69727d;color:#fff}.elementor-widget-text-editor.elementor-drop-cap-view-framed .elementor-drop-cap{color:#69727d;border:3px solid;background-color:transparent}.elementor-widget-text-editor:not(.elementor-drop-cap-view-default) .elementor-drop-cap{margin-top:8px}.elementor-widget-text-editor:not(.elementor-drop-cap-view-default) .elementor-drop-cap-letter{width:1em;height:1em}.elementor-widget-text-editor .elementor-drop-cap{float:left;text-align:center;line-height:1;font-size:50px}.elementor-widget-text-editor .elementor-drop-cap-letter{display:inline-block}<\/style>\t\t\t\t<figure class=\"wp-block-image size-large is-style-rounded\"><img loading=\"lazy\" decoding=\"async\" width=\"1024\" height=\"768\" class=\"wp-image-947\" src=\"https:\/\/aparecidaembalugaes.pt\/wp-content\/uploads\/2023\/04\/aparecida-1-1024x768.jpg\" alt=\"\" srcset=\"https:\/\/aparecidaembalugaes.pt\/wp-content\/uploads\/2023\/04\/aparecida-1-1024x768.jpg 1024w, https:\/\/aparecidaembalugaes.pt\/wp-content\/uploads\/2023\/04\/aparecida-1-300x225.jpg 300w, https:\/\/aparecidaembalugaes.pt\/wp-content\/uploads\/2023\/04\/aparecida-1-768x576.jpg 768w, https:\/\/aparecidaembalugaes.pt\/wp-content\/uploads\/2023\/04\/aparecida-1-1536x1152.jpg 1536w, https:\/\/aparecidaembalugaes.pt\/wp-content\/uploads\/2023\/04\/aparecida-1-2048x1536.jpg 2048w\" sizes=\"auto, (max-width: 1024px) 100vw, 1024px\" \/><\/figure>\n<p><!-- \/wp:image --><\/p>\n<p><!-- wp:paragraph --><\/p>\n<p><strong>S A N T U \u00c1 R I O\u00a0<\/strong><\/p>\n<p><strong>LOCALIZA\u00c7\u00c3O E CONTEXTO\u00a0<\/strong><\/p>\n<p>A pequena par\u00f3quia de Balug\u00e3es, situada no extremo norte do concelho de Barcelos foi, na primeira metade do s\u00e9culo dezoito, centro poderoso de atra\u00e7\u00e3o cat\u00f3lica para todos os portugueses, particularmente para os fi\u00e9is da regi\u00e3o de Entre-Douro-e-Minho.<\/p>\n<p>Ali acorriam diariamente piedosas romagens de peregrinos para venerar o s\u00edtio onde a M\u00e3e de Deus se dignara aparecer. A falta de imprensa peri\u00f3dica para reclamo e defesa deste facto sobrenatural, e sobretudo o arrefecimento da f\u00e9 crist\u00e3 ocasionado entre n\u00f3s, no final daquele s\u00e9culo e na primeira metade do seguinte, pela penetra\u00e7\u00e3o dos intensos erros ma\u00e7\u00f3nico-liberais na classe secular e eclesi\u00e1stica, anuviaram a apari\u00e7\u00e3o de Balug\u00e3es.\u00a0Contudo, a fama dos factos sobrenaturais de Balug\u00e3es deveria ser algo estrondosa para que chegasse aos ouvidos do apreciado escritor mariano do s\u00e9culo dezoito, Frei Agostinho de Santa Maria (1642-1728) o qual, entre muitas outras obras, publicou o \u201cSantu\u00e1rio Mariano\u201d, ou a \u201cHist\u00f3ria das imagens milagrosas da Sant\u00edssima Virgem\u201d, que residia em Lisboa no seu convento da Senhora da Boa-Hora, sen\u00e3o no de \u00c9vora em que fora prior, e subissem os ecos da apari\u00e7\u00e3o \u00e0 corte de D. Pedro II com tal clarivid\u00eancia que movessem a sua real piedade perpetuada na coroa de prata que mandou \u00e0 Senhora. E tudo isto naquele tempo em que Lisboa ficava distante de Balug\u00e3es sete ou oito dias de viagem, nem havia imprensa peri\u00f3dica para registar e espalhar esta gra\u00e7a divina.<\/p>\n<p>Outros milagres ocorreram na apari\u00e7\u00e3o de Balug\u00e3es, al\u00e9m da cura do vidente Jo\u00e3o Alves &#8211; o maior de todos &#8211; o milagre que resolveu o pai a acreditar no pedido feito pela Senhora ao filho vidente, e foi que, andando numa obra de pedreiro com o filho, passando este carregado com um c\u00e2ntaro de \u00e1gua sobre uma alta ponte (presumivelmente a de Barcelos), caiu dela abaixo, ficando de p\u00e9 e sem entornar a \u00e1gua; e ainda \u201co suave aroma que rescindia o penedo que foi peanha da Senhora e percebido pelo pai do vidente, quando foi examinar o s\u00edtio da apari\u00e7\u00e3o\u201d e que ficou narrado por Frei Agostinho de Santa Maria.<\/p>\n<p>Da mudez e do infantilismo acentuado que padecia aos vinte anos ficou curado depois da apari\u00e7\u00e3o e t\u00e3o radicalmente que foi nomeado pelo pr\u00f3prio Arcebispo de Braga sacrist\u00e3o dos templos da Senhora, nos quais ajudava \u00e0s missas como qualquer normal. Neste minist\u00e9rio viveu durante oito anos, assistindo como colaborador manual \u00e0 edifica\u00e7\u00e3o das duas capelas, sobre a laje em que lhe apareceu a Senhora, e \u00e0 do templo-mem\u00f3ria, durante os tr\u00eas \u00faltimos anos da sua vida. Antes da cura milagrosa, chamavam-lhe Jo\u00e3o Mudo, e depois era tratado por \u00abFrei Jo\u00e3o de Nossa Senhora Aparecida\u00bb, como se deduz da narrativa de Frei Agostinho de Santa Maria e do assento de \u00f3bito. Neste se acrescenta que \u00abFrei Jo\u00e3o, ermit\u00e3o de Nossa Senhora\u00bb.\u00a0<\/p>\n<p>Como os devotos que concorriam a este local eram muitos, assim sentiam ser a sua casa pequenina, todos pediam que lhe edificasse uma casa muito grande e com este enorme desejo todos ajuntavam pedra. \u00c0 vista destes fervorosos desejos que todos mostravam, mandou o ilustr\u00edssimo Arcebispo Primaz de Braga, D. Rodrigo de Moura Teles, edificar \u00e0 Senhora um grande e formoso templo de estilo neocl\u00e1ssico (1707 a 1720), com duas torres, sendo os seus altares de estilo barroco, de uma policromia extraordin\u00e1ria. Aqui, poder-se-\u00e1 encontrar o mais belo estilo barroco no altar-mor desta igreja. Durante o ano acorrem muitos milhares de devotos de v\u00e1rios pontos do pa\u00eds em romagem at\u00e9 este Santu\u00e1rio Mariano em busca de prote\u00e7\u00e3o.<\/p>\n<p>A 15 de Agosto, realiza-se uma grande peregrina\u00e7\u00e3o, que parte da Capela de S\u00e3o Bento em dire\u00e7\u00e3o ao Santu\u00e1rio de Nossa Senhora. Nela participam, de forma organizada, muitas freguesias dos concelhos lim\u00edtrofes, pertencentes \u00e0s Dioceses de Braga e de Viana do Castelo.\u00a0\u00a0\u00a0\u00a0<\/p>\n<p><strong>RESUMO DA HIST\u00d3RIA DA APARI\u00c7\u00c3O<\/strong>\u00a0\u00a0<\/p>\n<p>\u201cEra numa tarde c\u00e1lida de Agosto de 1702, andava um pequeno pastor de nome Jo\u00e3o a guardar, como de costume, o seu rebanho no monte de Castro de Balug\u00e3es, a tr\u00eas l\u00e9guas ao norte de Barcelos. De s\u00fabito se desencadeou uma trovoada medonha e o pequeno, entrando-se de medo e sem poder reunir o espavorido rebanho, viu-se compelido a procurar abrigo no desv\u00e3o duma lapa existente no lugar em que o surpreendera a tempestade. A emergir de um\u00a0envolt\u00f3rio de luz suave apareceu-lhe a Senhora que lhe perguntou a raz\u00e3o do seu pranto; e ele, que nascera mudo, desprendendo-se-lhe a fala, responde-lhe que chora de susto. Anima-o a Virgem, e diz-lhe que v\u00e1 prevenir o pai (este era pedreiro) que era seu desejo lhe constru\u00edsse ali uma ermida.Correu a crian\u00e7a a comunicar as ordens recebidas; mas o pai n\u00e3o lhe deu cr\u00e9dito e nem ao menos inquiriu do filho a raz\u00e3o daquela estranha mudan\u00e7a, pois vi-o agora a falar. Volta no dia seguinte ao monte o pastorinho que desta vez chorava de fome. Apareceu-lhe de novo a Senhora a reiterar o pedido e, a fim de o alentar e de reduzir a incredulidade daquele pai insens\u00edvel, adverte que vai mudar em peda\u00e7os de p\u00e3o alv\u00edssimo as migalhas quase esgotadas do p\u00e3o negro do alforge que sobra\u00e7ava o esfomeado zagal e, da mesma sorte, deste p\u00e3o de milagre, o forno vazio da sua casa o pai encontraria repleto a mais n\u00e3o caber.<\/p>\n<p><strong>E o duplo milagre realizou-se<\/strong><strong><br \/><\/strong><\/p>\n<p><strong><img loading=\"lazy\" decoding=\"async\" class=\"aligncenter wp-image-595 size-full\" src=\"https:\/\/aparecidaembalugaes.pt\/wp-content\/uploads\/2022\/11\/222.jpg\" alt=\"\" width=\"1920\" height=\"1280\" srcset=\"https:\/\/aparecidaembalugaes.pt\/wp-content\/uploads\/2022\/11\/222.jpg 1920w, https:\/\/aparecidaembalugaes.pt\/wp-content\/uploads\/2022\/11\/222-300x200.jpg 300w, https:\/\/aparecidaembalugaes.pt\/wp-content\/uploads\/2022\/11\/222-1024x683.jpg 1024w, https:\/\/aparecidaembalugaes.pt\/wp-content\/uploads\/2022\/11\/222-768x512.jpg 768w, https:\/\/aparecidaembalugaes.pt\/wp-content\/uploads\/2022\/11\/222-1536x1024.jpg 1536w\" sizes=\"auto, (max-width: 1920px) 100vw, 1920px\" \/><\/strong><\/p>\n<p><strong>\u00a0<\/strong><\/p>\n<p>\u00a0<\/p>\n<p><!-- \/wp:paragraph --><\/p>\t\t\t\t\t\t<\/div>\n\t\t\t\t<\/div>\n\t\t\t\t\t<\/div>\n\t\t<\/div>\n\t\t\t\t\t\t\t<\/div>\n\t\t<\/section>\n\t\t\t\t<section class=\"elementor-section elementor-top-section elementor-element elementor-element-0481c9f elementor-section-boxed elementor-section-height-default elementor-section-height-default\" data-id=\"0481c9f\" data-element_type=\"section\">\n\t\t\t\t\t\t<div class=\"elementor-container elementor-column-gap-default\">\n\t\t\t\t\t<div class=\"elementor-column elementor-col-100 elementor-top-column elementor-element elementor-element-84c67c4\" data-id=\"84c67c4\" data-element_type=\"column\">\n\t\t\t<div class=\"elementor-widget-wrap elementor-element-populated\">\n\t\t\t\t\t\t\t\t\t<\/div>\n\t\t<\/div>\n\t\t\t\t\t\t\t<\/div>\n\t\t<\/section>\n\t\t\t\t\t\t\t<\/div>\n\t\t","protected":false},"excerpt":{"rendered":"<p>S A N T U \u00c1 R I O\u00a0 LOCALIZA\u00c7\u00c3O E CONTEXTO\u00a0 A pequena par\u00f3quia de Balug\u00e3es, situada no extremo norte do concelho de Barcelos foi, na primeira metade do s\u00e9culo dezoito, centro poderoso de atra\u00e7\u00e3o cat\u00f3lica para todos os portugueses, particularmente para os fi\u00e9is &hellip; <a href=\"https:\/\/aparecidaembalugaes.pt\/index.php\/historia\/\" class=\"more-link\"><span>Ler mais&#8230;<span class=\"screen-reader-text\">Hist\u00f3ria<\/span><\/span><\/a><\/p>\n","protected":false},"author":1,"featured_media":0,"parent":0,"menu_order":0,"comment_status":"closed","ping_status":"closed","template":"","meta":{"footnotes":""},"class_list":["post-935","page","type-page","status-publish","hentry"],"_links":{"self":[{"href":"https:\/\/aparecidaembalugaes.pt\/index.php\/wp-json\/wp\/v2\/pages\/935","targetHints":{"allow":["GET"]}}],"collection":[{"href":"https:\/\/aparecidaembalugaes.pt\/index.php\/wp-json\/wp\/v2\/pages"}],"about":[{"href":"https:\/\/aparecidaembalugaes.pt\/index.php\/wp-json\/wp\/v2\/types\/page"}],"author":[{"embeddable":true,"href":"https:\/\/aparecidaembalugaes.pt\/index.php\/wp-json\/wp\/v2\/users\/1"}],"replies":[{"embeddable":true,"href":"https:\/\/aparecidaembalugaes.pt\/index.php\/wp-json\/wp\/v2\/comments?post=935"}],"version-history":[{"count":33,"href":"https:\/\/aparecidaembalugaes.pt\/index.php\/wp-json\/wp\/v2\/pages\/935\/revisions"}],"predecessor-version":[{"id":997,"href":"https:\/\/aparecidaembalugaes.pt\/index.php\/wp-json\/wp\/v2\/pages\/935\/revisions\/997"}],"wp:attachment":[{"href":"https:\/\/aparecidaembalugaes.pt\/index.php\/wp-json\/wp\/v2\/media?parent=935"}],"curies":[{"name":"wp","href":"https:\/\/api.w.org\/{rel}","templated":true}]}}